{"id":1594,"date":"2012-04-04T13:50:23","date_gmt":"2012-04-04T18:50:23","guid":{"rendered":"http:\/\/www.inviertaparaganar.com\/blog\/?page_id=1594"},"modified":"2015-07-14T17:51:13","modified_gmt":"2015-07-14T22:51:13","slug":"primeravez","status":"publish","type":"page","link":"https:\/\/www.inviertaparaganar.com\/blog\/primeravez\/","title":{"rendered":"Eres NUEVO? Empieza aqui"},"content":{"rendered":"<h3 style=\"text-align: center;\">Bienvenido a Invierta Para Ganar!<\/h3>\n<h3 style=\"text-align: center;\">La manera mas rapida de aprender a invertir garatizada<\/h3>\n<p><iframe loading=\"lazy\" src=\"http:\/\/www.youtube.com\/embed\/Nw1iyfmreWg\" frameborder=\"0\" width=\"420\" height=\"315\"><\/iframe><\/p>\n<h2 style=\"text-align: center;\">PREGUNTAS FRECUENTES<\/h2>\n<h3>Que es Invierta Para Ganar?<\/h3>\n<p>Invierta Para Ganar es la manera mas\u00a0r\u00e1pida\u00a0de aprender a invertir garantizada, somos la escuela de inversiones en Bolsa de New York en internet en espa\u00f1ol mas exitosa con mas de 35.000 suscriptores en mas de 35\u00a0pa\u00edses\u00a0enfocada en una sola cosa: Lograr que tu avances hacia tu Libertad Financiera.<\/p>\n<p>Nuestros entrenamientos combinan la experiencia de mas de 14 a\u00f1os de Javier Hernandez en inversiones, con cursos de calidad y usando un lenguaje claro que tu puedes entender. Ademas al ser nuestro alumno seras parte de la premiada \u00abRed Social Privada de Inversionistas\u00bb donde\u00a0podr\u00e1s\u00a0relacionarte con cientos de inversionistas de todo el mundo en espa\u00f1ol.<\/p>\n<h3>Cuanto dinero necesito para empezar?<\/h3>\n<p>Puedes abrir una cuenta de demostracion gratis en brokers como ThinkorSwim u OptionsXpress para empezar a practicar. Cuando definas comenzar a invertir dinero real puedes abrir tu cuenta real desde $500 USD por medio de un br\u00f3ker online.<\/p>\n<h3>\u00a0Necesito tener cuenta de banco en Estados Unidos?<\/h3>\n<p>NO. Puedes hacer un giro desde tu banco local al broker en Estados Unidos, hacer tus inversiones y cuando quieras traer el dinero de vuelta le solicitas al broker que te envie de vuelta el dinero a tu banco por giro interbancario.<\/p>\n<h3>\u00bfQu\u00e9 es un broker?<\/h3>\n<p>Los brokers son empresas encargadas de actuar como intermediarios entre\u00a0 los compradores y vendedores de acciones. Para entender m\u00e1s a fondo que es un broker, comparalo con los corredores de bienes ra\u00edces, que se encargan por ejemplo de conectar al vendedor de una casa para acercarlo a los posibles compradores con el prop\u00f3sito de obtener una comisi\u00f3n si se llega a hacer la transaccion; as\u00ed son a su vez los brokers de la bolsa de New York que a diferencia unen a compradores y vendedores de acciones de empresas.<\/p>\n<h3>\u00bfPor qu\u00e9 invertir en la bolsa de New York en lugar de las bolsas de latinoamerica?<\/h3>\n<p>La bolsa de New York es la mas grande, reconocida y solida del mundo, cuenta con muchas ventajas sobre las bolsas locales de cada pa\u00eds. Voy a enumerar algunas de las mas importantes a continuaci\u00f3n<\/p>\n<ol>\n<li>Costos: Es mas econ\u00f3mico para ti, pues mientras las bolsas locales te cobran un porcentaje que sube acorde a tus inversiones, en la bolsa de New York solo tienes que pagar una tarifa \u00fanica por operaci\u00f3n ($10 USD)<\/li>\n<li>Es la \u00fanica bolsa donde puedes ganar mientras el precio de las acciones cae (esto no lo sabe mucha gente)<\/li>\n<li>Hay muchas mas empresas para invertir y mas personas invirtiendo, lo que te facilita vender y comprar cuando desees (esto se llama liquidez). En total hay mas de 9000 acciones de las empresas mas grandes del mundo donde podras invertir como Apple, Coca-Cola, IBM, Microsoft, Google, etc<\/li>\n<li>Transparencia: Conocer los datos y estados financieros (pasados y presentes) de cualquier empresa en la bolsa de New York es tan f\u00e1cil como buscarlo en finance.yahoo.com. Es igual de sencillo para ti conocer el detalle de las finanzas de empresas en Argentina, Colombia o Mexico? No creo<\/li>\n<\/ol>\n<h3>Esto es legal?<\/h3>\n<p>Totalmente. De hecho la ley protege a los inversores extranjeros en Estados Unidos por lo que no tienes que pagar impuestos en USA por tus inversiones alli. Ademas la mayoria de pa\u00edses latinoamericanos como Mexico, Colombia, Peru, Chile, Uruguay o Ecuador permiten realizar estas inversiones sin ning\u00fan tipo de restricci\u00f3n.<\/p>\n<h3>Debo tener visa americana? Tendre que viajar a Estados Unidos en alg\u00fan momento?<\/h3>\n<p>NO. Puedes realizar tus inversiones y reclamar tus ganancias sin tener que moverte de tu pais.<\/p>\n<h3>\u00bfDebo saber ingles?<\/h3>\n<p>NO es necesario. Gracias a la tecnolog\u00eda puedes utilizar un traductor online como Google Translate para apoyarte con palabras especificas que necesites.<\/p>\n<h3>\u00bfQu\u00e9 necesito para empezar?<\/h3>\n<p>Solo debes contar con 3 cosas:<\/p>\n<ol>\n<li>GANAS! Muchas ganas de aprender y trabajar para cumplir tus metas<\/li>\n<li>Un computador con acceso a internet&#8230; justo como el que estas usando ahora<\/li>\n<li>3 a 4 Horas a la semana para dedicarle a tu entrenamiento.<\/li>\n<\/ol>\n<h2 style=\"text-align: center;\"><\/h2>\n<h2 style=\"text-align: center;\">TUS PRIMEROS PASOS<\/h2>\n<p><strong>1. Toma el Mini Curso de Inversiones:<\/strong><br \/>\n<iframe loading=\"lazy\" src=\"http:\/\/www.youtube.com\/embed\/RUWGG-IxFec\" frameborder=\"0\" width=\"420\" height=\"315\"><\/iframe><\/p>\n<p><strong>2. Inscribete al Boletin de Inversiones Gratuito (Y recibe: Un Regalo Para Ti)<\/strong><\/p>\n<p style=\"text-align: justify;\">Quiero invitarte a suscribirte a mi bolet\u00edn de noticias y tips de inversion, est\u00e1 lleno de contenido exclusivo que no se puede encontrar facilmente en internet.<\/p>\n<p style=\"text-align: justify;\">A diferencia de otras paginas en Internet, mi idea es realmente darte informaci\u00f3n valiosa e incluso colaborarte en tu proceso: Ganar un ingreso adicional y Avanzar hacia tu libertad financiera. Puedes cancelar tu suscripci\u00f3n en cualquier momento, pero te aseguro que no querras hacerlo.<\/p>\n<p style=\"text-align: justify;\">Inscribiendote ahora obtendr\u00e1s acceso inmediato a mi video exclusivo \u00abEn Que Invertir Ahora\u00bb donde te muestro algunas recomendaciones clave. Ha sido descargado m\u00e1s de 35.000 veces, y aunque me han ofrecido dinero para distribuirlo, siempre ser\u00e1 gratis.<\/p>\n<p style=\"text-align: justify;\"><strong>Quieres inscribirte gratis? Solo introduce \u00a0tu nombre y correo electr\u00f3nico abajo y haz click en el boton \u00abRecibirlo ahora!\u00bb:<\/strong><\/p>\n<p><script type=\"text\/javascript\" src=\"https:\/\/ax116.infusionsoft.com\/app\/form\/iframe\/2e0c73b2bfa30c8d2995c126b146ee14\"><\/script><\/p>\n<p style=\"text-align: -webkit-auto;\"><span style=\"text-align: justify;\">Estoy aqu\u00ed no s\u00f3lo como un gu\u00eda mientras comienzas o continuas tu carrera en el mundo de las inversiones, sino tambi\u00e9n como un amigo.<\/span><\/p>\n<p>Siempre responder\u00e9 a todos los correos (algo cada vez m\u00e1s complejo mientras este blog aumenta en popularidad&#8230;) pero por encima de todo siempre voy a estar \u00a0disponible para personas como tu, porque se que no estoy por encima de nadie. Soy una persona convencida que con la\u00a0educaci\u00f3n financiera correcta tu\u00a0tambien vas a escapar de la carrera de la rata, despedir a tu jefe y alcanzar la libertad financiera como yo lo hice.<\/p>\n<p style=\"text-align: justify;\">Muchas gracias por tu apoyo! <strong><a href=\"http:\/\/www.facebook.com\/inviertaparaganar\"> HAZTE FAN en mi pagina en Facebook<\/a>\u00a0(Ya somos mas de 140.000 fans!)\u00a0<\/strong>: Asi podras relacionarte mas rapido con nuevos inversionistas! Un saludo!<\/p>\n<p style=\"text-align: justify;\"><em>Javier Hernandez<\/em><\/p>\n<p style=\"text-align: justify;\"><strong>PS<\/strong>\u00a0Te gusta esta pagina? Haz clic en el bot\u00f3n \u00abMe Gusta\u00bb en la barra lateral, justo a tu izquierda. Gracias de antemano!<\/p>\n<p>&nbsp;<\/p>\n<p><span style=\"color: #ffffff;\">links a articulos populares &#8212;\u00a0<\/span><span style=\"color: #ffffff;\">como contactarnos? (redes sociales) &#8212;<\/span><span>\u00a0<\/span><span style=\"color: #ffffff;\">links a webcast y contenido de pagina<\/span><\/p>\n","protected":false},"excerpt":{"rendered":"<p>Bienvenido a Invierta Para Ganar! La manera mas rapida de aprender a invertir garatizada PREGUNTAS FRECUENTES Que es Invierta Para Ganar? Invierta Para Ganar es la manera mas\u00a0r\u00e1pida\u00a0de aprender a [&hellip;]<\/p>\n","protected":false},"author":18,"featured_media":0,"parent":0,"menu_order":5,"comment_status":"open","ping_status":"open","template":"","meta":{"footnotes":""},"class_list":["post-1594","page","type-page","status-publish","hentry","rishi-post","no-post-thumbnail"],"rishi__cb_customizer_meta":"","yoast_head":"<!-- This site is optimized with the Yoast SEO plugin v22.2 - https:\/\/yoast.com\/wordpress\/plugins\/seo\/ -->\n<title>Eres NUEVO? Empieza aqui - Invierta Para Ganar<\/title>\n<meta name=\"robots\" content=\"index, follow, max-snippet:-1, max-image-preview:large, max-video-preview:-1\" \/>\n<link rel=\"canonical\" href=\"https:\/\/www.inviertaparaganar.com\/blog\/cursos__trashed\/primeravez\/\" \/>\n<meta property=\"og:locale\" content=\"es_ES\" \/>\n<meta property=\"og:type\" content=\"article\" \/>\n<meta property=\"og:title\" content=\"Eres NUEVO? Empieza aqui - Invierta Para Ganar\" \/>\n<meta property=\"og:description\" content=\"Bienvenido a Invierta Para Ganar! La manera mas rapida de aprender a invertir garatizada PREGUNTAS FRECUENTES Que es Invierta Para Ganar? Invierta Para Ganar es la manera mas\u00a0r\u00e1pida\u00a0de aprender a [&hellip;]\" \/>\n<meta property=\"og:url\" content=\"https:\/\/www.inviertaparaganar.com\/blog\/cursos__trashed\/primeravez\/\" \/>\n<meta property=\"og:site_name\" content=\"Invierta Para Ganar\" \/>\n<meta property=\"article:publisher\" content=\"https:\/\/www.facebook.com\/InviertaParaGanar\" \/>\n<meta property=\"article:modified_time\" content=\"2015-07-14T22:51:13+00:00\" \/>\n<meta name=\"twitter:label1\" content=\"Tiempo de lectura\" \/>\n\t<meta name=\"twitter:data1\" content=\"5 minutos\" \/>\n<script type=\"application\/ld+json\" class=\"yoast-schema-graph\">{\"@context\":\"https:\/\/schema.org\",\"@graph\":[{\"@type\":\"WebPage\",\"@id\":\"https:\/\/www.inviertaparaganar.com\/blog\/cursos__trashed\/primeravez\/\",\"url\":\"https:\/\/www.inviertaparaganar.com\/blog\/cursos__trashed\/primeravez\/\",\"name\":\"Eres NUEVO? Empieza aqui - Invierta Para Ganar\",\"isPartOf\":{\"@id\":\"https:\/\/www.inviertaparaganar.com\/blog\/#website\"},\"datePublished\":\"2012-04-04T18:50:23+00:00\",\"dateModified\":\"2015-07-14T22:51:13+00:00\",\"breadcrumb\":{\"@id\":\"https:\/\/www.inviertaparaganar.com\/blog\/cursos__trashed\/primeravez\/#breadcrumb\"},\"inLanguage\":\"es\",\"potentialAction\":[{\"@type\":\"ReadAction\",\"target\":[\"https:\/\/www.inviertaparaganar.com\/blog\/cursos__trashed\/primeravez\/\"]}]},{\"@type\":\"BreadcrumbList\",\"@id\":\"https:\/\/www.inviertaparaganar.com\/blog\/cursos__trashed\/primeravez\/#breadcrumb\",\"itemListElement\":[{\"@type\":\"ListItem\",\"position\":1,\"name\":\"Portada\",\"item\":\"https:\/\/www.inviertaparaganar.com\/blog\/\"},{\"@type\":\"ListItem\",\"position\":2,\"name\":\"Eres NUEVO? Empieza aqui\"}]},{\"@type\":\"WebSite\",\"@id\":\"https:\/\/www.inviertaparaganar.com\/blog\/#website\",\"url\":\"https:\/\/www.inviertaparaganar.com\/blog\/\",\"name\":\"Invierta Para Ganar\",\"description\":\"Aprende a Invertir En La Bolsa de New York\",\"publisher\":{\"@id\":\"https:\/\/www.inviertaparaganar.com\/blog\/#organization\"},\"potentialAction\":[{\"@type\":\"SearchAction\",\"target\":{\"@type\":\"EntryPoint\",\"urlTemplate\":\"https:\/\/www.inviertaparaganar.com\/blog\/?s={search_term_string}\"},\"query-input\":\"required name=search_term_string\"}],\"inLanguage\":\"es\"},{\"@type\":\"Organization\",\"@id\":\"https:\/\/www.inviertaparaganar.com\/blog\/#organization\",\"name\":\"Invierta Para Ganar\",\"url\":\"https:\/\/www.inviertaparaganar.com\/blog\/\",\"logo\":{\"@type\":\"ImageObject\",\"inLanguage\":\"es\",\"@id\":\"https:\/\/www.inviertaparaganar.com\/blog\/#\/schema\/logo\/image\/\",\"url\":\"https:\/\/www.inviertaparaganar.com\/blog\/wp-content\/uploads\/2024\/02\/InviertaParaGanar.png\",\"contentUrl\":\"https:\/\/www.inviertaparaganar.com\/blog\/wp-content\/uploads\/2024\/02\/InviertaParaGanar.png\",\"width\":2735,\"height\":577,\"caption\":\"Invierta Para Ganar\"},\"image\":{\"@id\":\"https:\/\/www.inviertaparaganar.com\/blog\/#\/schema\/logo\/image\/\"},\"sameAs\":[\"https:\/\/www.facebook.com\/InviertaParaGanar\",\"https:\/\/www.instagram.com\/invierta_para_ganar\/\"]}]}<\/script>\n<!-- \/ Yoast SEO plugin. -->","yoast_head_json":{"title":"Eres NUEVO? Empieza aqui - Invierta Para Ganar","robots":{"index":"index","follow":"follow","max-snippet":"max-snippet:-1","max-image-preview":"max-image-preview:large","max-video-preview":"max-video-preview:-1"},"canonical":"https:\/\/www.inviertaparaganar.com\/blog\/cursos__trashed\/primeravez\/","og_locale":"es_ES","og_type":"article","og_title":"Eres NUEVO? Empieza aqui - Invierta Para Ganar","og_description":"Bienvenido a Invierta Para Ganar! La manera mas rapida de aprender a invertir garatizada PREGUNTAS FRECUENTES Que es Invierta Para Ganar? Invierta Para Ganar es la manera mas\u00a0r\u00e1pida\u00a0de aprender a [&hellip;]","og_url":"https:\/\/www.inviertaparaganar.com\/blog\/cursos__trashed\/primeravez\/","og_site_name":"Invierta Para Ganar","article_publisher":"https:\/\/www.facebook.com\/InviertaParaGanar","article_modified_time":"2015-07-14T22:51:13+00:00","twitter_misc":{"Tiempo de lectura":"5 minutos"},"schema":{"@context":"https:\/\/schema.org","@graph":[{"@type":"WebPage","@id":"https:\/\/www.inviertaparaganar.com\/blog\/cursos__trashed\/primeravez\/","url":"https:\/\/www.inviertaparaganar.com\/blog\/cursos__trashed\/primeravez\/","name":"Eres NUEVO? Empieza aqui - Invierta Para Ganar","isPartOf":{"@id":"https:\/\/www.inviertaparaganar.com\/blog\/#website"},"datePublished":"2012-04-04T18:50:23+00:00","dateModified":"2015-07-14T22:51:13+00:00","breadcrumb":{"@id":"https:\/\/www.inviertaparaganar.com\/blog\/cursos__trashed\/primeravez\/#breadcrumb"},"inLanguage":"es","potentialAction":[{"@type":"ReadAction","target":["https:\/\/www.inviertaparaganar.com\/blog\/cursos__trashed\/primeravez\/"]}]},{"@type":"BreadcrumbList","@id":"https:\/\/www.inviertaparaganar.com\/blog\/cursos__trashed\/primeravez\/#breadcrumb","itemListElement":[{"@type":"ListItem","position":1,"name":"Portada","item":"https:\/\/www.inviertaparaganar.com\/blog\/"},{"@type":"ListItem","position":2,"name":"Eres NUEVO? Empieza aqui"}]},{"@type":"WebSite","@id":"https:\/\/www.inviertaparaganar.com\/blog\/#website","url":"https:\/\/www.inviertaparaganar.com\/blog\/","name":"Invierta Para Ganar","description":"Aprende a Invertir En La Bolsa de New York","publisher":{"@id":"https:\/\/www.inviertaparaganar.com\/blog\/#organization"},"potentialAction":[{"@type":"SearchAction","target":{"@type":"EntryPoint","urlTemplate":"https:\/\/www.inviertaparaganar.com\/blog\/?s={search_term_string}"},"query-input":"required name=search_term_string"}],"inLanguage":"es"},{"@type":"Organization","@id":"https:\/\/www.inviertaparaganar.com\/blog\/#organization","name":"Invierta Para Ganar","url":"https:\/\/www.inviertaparaganar.com\/blog\/","logo":{"@type":"ImageObject","inLanguage":"es","@id":"https:\/\/www.inviertaparaganar.com\/blog\/#\/schema\/logo\/image\/","url":"https:\/\/www.inviertaparaganar.com\/blog\/wp-content\/uploads\/2024\/02\/InviertaParaGanar.png","contentUrl":"https:\/\/www.inviertaparaganar.com\/blog\/wp-content\/uploads\/2024\/02\/InviertaParaGanar.png","width":2735,"height":577,"caption":"Invierta Para Ganar"},"image":{"@id":"https:\/\/www.inviertaparaganar.com\/blog\/#\/schema\/logo\/image\/"},"sameAs":["https:\/\/www.facebook.com\/InviertaParaGanar","https:\/\/www.instagram.com\/invierta_para_ganar\/"]}]}},"_links":{"self":[{"href":"https:\/\/www.inviertaparaganar.com\/blog\/wp-json\/wp\/v2\/pages\/1594"}],"collection":[{"href":"https:\/\/www.inviertaparaganar.com\/blog\/wp-json\/wp\/v2\/pages"}],"about":[{"href":"https:\/\/www.inviertaparaganar.com\/blog\/wp-json\/wp\/v2\/types\/page"}],"author":[{"embeddable":true,"href":"https:\/\/www.inviertaparaganar.com\/blog\/wp-json\/wp\/v2\/users\/18"}],"replies":[{"embeddable":true,"href":"https:\/\/www.inviertaparaganar.com\/blog\/wp-json\/wp\/v2\/comments?post=1594"}],"version-history":[{"count":41,"href":"https:\/\/www.inviertaparaganar.com\/blog\/wp-json\/wp\/v2\/pages\/1594\/revisions"}],"predecessor-version":[{"id":5697,"href":"https:\/\/www.inviertaparaganar.com\/blog\/wp-json\/wp\/v2\/pages\/1594\/revisions\/5697"}],"wp:attachment":[{"href":"https:\/\/www.inviertaparaganar.com\/blog\/wp-json\/wp\/v2\/media?parent=1594"}],"curies":[{"name":"wp","href":"https:\/\/api.w.org\/{rel}","templated":true}]}}